{"id":283,"date":"2025-01-25T17:26:28","date_gmt":"2025-01-25T17:26:28","guid":{"rendered":"https:\/\/pracowniamisjawnetrze.pl\/?page_id=283"},"modified":"2025-01-25T17:33:39","modified_gmt":"2025-01-25T17:33:39","slug":"dlaczego-warto-skorzystac-z-pomocy-architekta-wnetrz","status":"publish","type":"page","link":"https:\/\/pracowniamisjawnetrze.pl\/?page_id=283","title":{"rendered":"Dlaczego warto skorzysta\u0107 z pomocy architekta wn\u0119trz?"},"content":{"rendered":"\n<p class=\"has-extra-large-font-size\"><strong>Dlaczego warto skorzysta\u0107 z pomocy architekta wn\u0119trz?<\/strong><\/p>\n\n\n\n<p><\/p>\n\n\n\n<div class=\"wp-block-columns is-style-customboxshadow is-layout-flex wp-container-core-columns-is-layout-1 wp-block-columns-is-layout-flex\">\n<div class=\"wp-block-column is-layout-flow wp-block-column-is-layout-flow\" style=\"flex-basis:100%\">\n<p class=\"has-normal-font-size\">W aran\u017cacji wn\u0119trz liczy si\u0119 nie tylko estetyka, ale r\u00f3wnie\u017c funkcjonalno\u015b\u0107, harmonia i<br>komfort. Cz\u0119sto marzymy o pi\u0119knie urz\u0105dzonych pomieszczeniach, kt\u00f3re b\u0119d\u0105<br>odzwierciedleniem naszych osobistych gust\u00f3w i stylu \u017cycia, jednak nie zawsze mamy wiedz\u0119<br>i do\u015bwiadczenie, by je zaprojektowa\u0107 w spos\u00f3b optymalny. To w\u0142a\u015bnie wtedy pomoc<br>architekta wn\u0119trz mo\u017ce okaza\u0107 si\u0119 nieoceniona. Oto kilka powod\u00f3w, dlaczego warto<br>skorzysta\u0107 z us\u0142ug profesjonalisty.<\/p>\n<\/div>\n<\/div>\n\n\n\n<p class=\"has-normal-font-size\"><\/p>\n\n\n\n<ol class=\"wp-block-list\">\n<li class=\"has-normal-font-size\"><strong>Ekspercka wiedza i do\u015bwiadczenie<\/strong><br>Architekci wn\u0119trz to specjali\u015bci, kt\u00f3rzy posiadaj\u0105 szerok\u0105 wiedz\u0119 o zasadach projektowania<br>przestrzeni, ergonomii oraz estetyce. Zrozumienie proporcji, \u015bwiat\u0142a, kolor\u00f3w i tekstur<br>pozwala im tworzy\u0107 wn\u0119trza, kt\u00f3re nie tylko wygl\u0105daj\u0105 dobrze, ale r\u00f3wnie\u017c funkcjonuj\u0105 w<br>spos\u00f3b komfortowy. Dzi\u0119ki swojemu do\u015bwiadczeniu potrafi\u0105 dostosowa\u0107 projekt do<br>indywidualnych potrzeb klienta, uwzgl\u0119dniaj\u0105c specyfik\u0119 pomieszczenia i bud\u017cet.<\/li>\n\n\n\n<li class=\"has-normal-font-size\"><strong>Optymalizacja przestrzeni<\/strong><br>Cz\u0119sto zdarza si\u0119, \u017ce przestrze\u0144, kt\u00f3r\u0105 dysponujemy, jest ograniczona, co mo\u017ce utrudnia\u0107<br>aran\u017cacj\u0119. Architekt wn\u0119trz pomo\u017ce zoptymalizowa\u0107 wykorzystanie dost\u0119pnej powierzchni,<br>proponuj\u0105c innowacyjne rozwi\u0105zania, kt\u00f3re sprawi\u0105, \u017ce mieszkanie b\u0119dzie bardziej<br>funkcjonalne. Mo\u017ce to obejmowa\u0107 np. zabudowy na wymiar, sprytne wykorzystanie mebli<br>wielofunkcyjnych czy te\u017c rozplanowanie przestrzeni w spos\u00f3b, kt\u00f3ry pozwoli na lepsz\u0105<br>organizacj\u0119.<\/li>\n\n\n\n<li class=\"has-normal-font-size\"><strong>Indywidualne podej\u015bcie do klienta<\/strong><br>Ka\u017cdy cz\u0142owiek ma inne potrzeby i gust, a architekt wn\u0119trz potrafi dostosowa\u0107 projekt do<br>indywidualnych oczekiwa\u0144. Czy marzysz o minimalistycznym, nowoczesnym mieszkaniu,<br>czy mo\u017ce wolisz klasyczn\u0105 elegancj\u0119? Architekt wys\u0142ucha Twoich oczekiwa\u0144, pomo\u017ce<br>wybra\u0107 odpowiedni\u0105 kolorystyk\u0119, materia\u0142y i styl, kt\u00f3ry b\u0119dzie najlepiej odpowiada\u0142 Twoim<br>upodobaniom. Co wi\u0119cej, architekt wn\u0119trz mo\u017ce doradzi\u0107, jak zrealizowa\u0107 projekt w spos\u00f3b,<br>kt\u00f3ry b\u0119dzie harmonizowa\u0107 z Twoim stylem \u017cycia.<\/li>\n\n\n\n<li class=\"has-normal-font-size\"><strong>Zwi\u0119kszenie warto\u015bci nieruchomo\u015bci<\/strong><br>Dobrze zaprojektowane wn\u0119trze to tak\u017ce inwestycja w warto\u015b\u0107 nieruchomo\u015bci. Zwi\u0119ksza<br>atrakcyjno\u015b\u0107 mieszkania, co mo\u017ce mie\u0107 du\u017ce znaczenie, je\u015bli planujesz sprzeda\u017c lub<br>wynajem. Przemy\u015blane rozwi\u0105zania architektoniczne, elegancki wystr\u00f3j czy estetyka wn\u0119trza<br>mog\u0105 sprawi\u0107, \u017ce nieruchomo\u015b\u0107 zyska na warto\u015bci. Inwestycja w pomoc specjalisty to cz\u0119sto<br>inwestycja, kt\u00f3ra si\u0119 zwraca.<\/li>\n\n\n\n<li class=\"has-normal-font-size\"><strong>Zarz\u0105dzanie projektem i nadz\u00f3r nad wykonawcami<\/strong><br>Planowanie aran\u017cacji wn\u0119trz to proces, kt\u00f3ry nie ko\u0144czy si\u0119 na samym projekcie. Architekt<br>wn\u0119trz mo\u017ce przej\u0105\u0107 zarz\u0105dzanie ca\u0142ym procesem, od wyboru wykonawc\u00f3w po nadzorowanie<br>realizacji projektu. Dzi\u0119ki temu masz pewno\u015b\u0107, \u017ce prace b\u0119d\u0105 przebiega\u0142y zgodnie z planem i w                                                                                     okre\u015blonym bud\u017cecie, a wszelkie szczeg\u00f3\u0142y zostan\u0105 dopracowane. Taki nadz\u00f3r pozwala unikn\u0105\u0107                                                                                         wielu problem\u00f3w, takich jak niezgodno\u015b\u0107 realizacji z projektem czy op\u00f3\u017anienia.<\/li>\n\n\n\n<li class=\"has-normal-font-size\"><strong>Dostosowanie do aktualnych trend\u00f3w<\/strong><br>Wn\u0119trza podlegaj\u0105 trendom, kt\u00f3re zmieniaj\u0105 si\u0119 z roku na rok. Architekt wn\u0119trz jest na<br>bie\u017c\u0105co z najnowszymi tendencjami w designie, a tak\u017ce zna technologi\u0119 i materia\u0142y, kt\u00f3re w<br>danym momencie s\u0105 najbardziej funkcjonalne i trwa\u0142e. Je\u015bli zale\u017cy Ci na tym, aby Twoje<br>mieszkanie by\u0142o nowoczesne i w zgodzie z aktualnymi standardami, specjalista pomo\u017ce Ci<br>wybra\u0107 najnowsze rozwi\u0105zania.<\/li>\n\n\n\n<li class=\"has-normal-font-size\"><strong>Oszcz\u0119dno\u015b\u0107 czasu i pieni\u0119dzy<\/strong><br>Cho\u0107 mo\u017ce si\u0119 wydawa\u0107, \u017ce wynaj\u0119cie architekta wn\u0119trz to dodatkowy koszt, w<br>rzeczywisto\u015bci mo\u017ce to zaoszcz\u0119dzi\u0107 Ci pieni\u0105dze i czas. Architekt pomo\u017ce unikn\u0105\u0107<br>kosztownych b\u0142\u0119d\u00f3w, kt\u00f3re mog\u0105 wynikn\u0105\u0107 z niew\u0142a\u015bciwego wyboru materia\u0142\u00f3w, mebli czy<br>uk\u0142adu pomieszcze\u0144. Dodatkowo, dzi\u0119ki jego do\u015bwiadczeniu, proces projektowania i<br>realizacji przebiega sprawniej i szybciej.<\/li>\n\n\n\n<li class=\"has-normal-font-size\"><strong>Stylowe i sp\u00f3jne wn\u0119trza<\/strong><br>Kiedy projektujesz wn\u0119trze samodzielnie, mo\u017ce by\u0107 trudno utrzyma\u0107 sp\u00f3jno\u015b\u0107 stylistyczn\u0105 w<br>ca\u0142ym mieszkaniu. Architekt wn\u0119trz zadba o to, by wszystkie elementy pasowa\u0142y do siebie \u2013<br>od mebli, przez kolory, po dodatki. Z pomoc\u0105 specjalisty ka\u017cde pomieszczenie stanie si\u0119<br>cz\u0119\u015bci\u0105 wi\u0119kszej ca\u0142o\u015bci, co sprawi, \u017ce mieszkanie b\u0119dzie wygl\u0105da\u0142o profesjonalnie i<br>estetycznie.<br><strong>Podsumowanie<\/strong><br>Skorzystanie z pomocy architekta wn\u0119trz to inwestycja, kt\u00f3ra przynosi wiele korzy\u015bci. Dzi\u0119ki<br>wiedzy i do\u015bwiadczeniu specjalisty, Twoje wn\u0119trza b\u0119d\u0105 nie tylko pi\u0119kne, ale r\u00f3wnie\u017c<br>funkcjonalne i dopasowane do Twoich potrzeb. Architekt pomo\u017ce Ci zaoszcz\u0119dzi\u0107 czas i<br>pieni\u0105dze, a tak\u017ce zwi\u0119kszy warto\u015b\u0107 Twojej nieruchomo\u015bci. Dlatego warto rozwa\u017cy\u0107<br>wsp\u00f3\u0142prac\u0119 z profesjonalist\u0105 \u2013 nie tylko w przypadku du\u017cych remont\u00f3w, ale tak\u017ce przy<br>drobnych zmianach, kt\u00f3re mog\u0105 poprawi\u0107 komfort codziennego \u017cycia. <\/li>\n<\/ol>\n\n\n\n<p><\/p>\n\n\n\n<p class=\"has-extra-large-font-size\"><strong>Zapraszam do kontaktu<\/strong>: pracownia.misjawnetrze@gmail.com<\/p>\n","protected":false},"excerpt":{"rendered":"<p>Dlaczego warto skorzysta\u0107 z pomocy architekta wn\u0119trz? W aran\u017cacji wn\u0119trz liczy si\u0119 nie tylko estetyka, ale r\u00f3wnie\u017c funkcjonalno\u015b\u0107, harmonia ikomfort. Cz\u0119sto marzymy o pi\u0119knie urz\u0105dzonych pomieszczeniach, kt\u00f3re b\u0119d\u0105odzwierciedleniem naszych osobistych gust\u00f3w i stylu \u017cycia, jednak nie zawsze mamy wiedz\u0119i do\u015bwiadczenie, by je zaprojektowa\u0107 w spos\u00f3b optymalny. To w\u0142a\u015bnie wtedy pomocarchitekta wn\u0119trz mo\u017ce okaza\u0107 si\u0119 nieoceniona. Oto kilka powod\u00f3w, dlaczego wartoskorzysta\u0107 z us\u0142ug profesjonalisty. Zapraszam do kontaktu: pracownia.misjawnetrze@gmail.com<\/p>\n","protected":false},"author":1,"featured_media":0,"parent":0,"menu_order":0,"comment_status":"closed","ping_status":"closed","template":"template-basic","meta":{"footnotes":""},"class_list":["post-283","page","type-page","status-publish","hentry"],"_links":{"self":[{"href":"https:\/\/pracowniamisjawnetrze.pl\/index.php?rest_route=\/wp\/v2\/pages\/283","targetHints":{"allow":["GET"]}}],"collection":[{"href":"https:\/\/pracowniamisjawnetrze.pl\/index.php?rest_route=\/wp\/v2\/pages"}],"about":[{"href":"https:\/\/pracowniamisjawnetrze.pl\/index.php?rest_route=\/wp\/v2\/types\/page"}],"author":[{"embeddable":true,"href":"https:\/\/pracowniamisjawnetrze.pl\/index.php?rest_route=\/wp\/v2\/users\/1"}],"replies":[{"embeddable":true,"href":"https:\/\/pracowniamisjawnetrze.pl\/index.php?rest_route=%2Fwp%2Fv2%2Fcomments&post=283"}],"version-history":[{"count":5,"href":"https:\/\/pracowniamisjawnetrze.pl\/index.php?rest_route=\/wp\/v2\/pages\/283\/revisions"}],"predecessor-version":[{"id":291,"href":"https:\/\/pracowniamisjawnetrze.pl\/index.php?rest_route=\/wp\/v2\/pages\/283\/revisions\/291"}],"wp:attachment":[{"href":"https:\/\/pracowniamisjawnetrze.pl\/index.php?rest_route=%2Fwp%2Fv2%2Fmedia&parent=283"}],"curies":[{"name":"wp","href":"https:\/\/api.w.org\/{rel}","templated":true}]}}