{"id":274,"date":"2025-01-25T17:17:58","date_gmt":"2025-01-25T17:17:58","guid":{"rendered":"https:\/\/pracowniamisjawnetrze.pl\/?page_id=274"},"modified":"2025-01-25T17:34:15","modified_gmt":"2025-01-25T17:34:15","slug":"czym-jest-home-staging","status":"publish","type":"page","link":"https:\/\/pracowniamisjawnetrze.pl\/?page_id=274","title":{"rendered":"Czym jest home-staging?"},"content":{"rendered":"\n<p class=\"has-text-align-center has-intrace-primary-color has-text-color has-link-color has-extra-large-font-size wp-elements-1974d249f7105eb5a72952d571c591de\"><strong>Czym jest home-staging?<\/strong><\/p>\n\n\n\n<p class=\"has-small-font-size\"><\/p>\n\n\n\n<p class=\"has-small-font-size\">     <strong>Home-staging<\/strong> to proces przygotowania nieruchomo\u015bci do sprzeda\u017cy lub wynajmu poprzez wizualne poprawienie jej wygl\u0105du i wra\u017cenia, jakie robi na potencjalnych  <\/p>\n\n\n\n<p class=\"has-small-font-size\">     klientach. <strong>Celem home-stagingu jest podniesienie warto\u015bci nieruchomo\u015bci, przyspieszenie sprzeda\u017cy lub wynajmu oraz osi\u0105gni\u0119cie jak najwy\u017cszej ceny.<\/strong><\/p>\n\n\n\n<p class=\"has-small-font-size\">     Polega to na tym, \u017ce specjalista ds. wystroju wn\u0119trz (home-stager) przeprowadza szczeg\u00f3\u0142ow\u0105 analiz\u0119 nieruchomo\u015bci i jej otoczenia, a nast\u0119pnie dokonuje zmian w wystroju i <\/p>\n\n\n\n<p class=\"has-small-font-size\">     aran\u017cacji wn\u0119trz.<\/p>\n\n\n\n<p class=\"has-small-font-size\">Home-stagerzy wykorzystuj\u0105 r\u00f3\u017cne techniki, takie jak kolorystyka, o\u015bwietlenie, meble, dodatki, kwiaty czy sztuczne o\u015bwietlenie, aby zwi\u0119kszy\u0107 atrakcyjno\u015b\u0107 nieruchomo\u015bci i pom\u00f3c potencjalnym klientom wyobrazi\u0107 sobie, jak mogliby w niej mieszka\u0107.<\/p>\n\n\n\n<p class=\"has-small-font-size\">W ramach home-stagingu mo\u017cliwe s\u0105 r\u00f3\u017cnorakie dzia\u0142ania &#8211; rekomendacja wyrzucenia niepotrzebnych mebli, zmiana aran\u017cacji, dodanie nowych element\u00f3w wystroju, a tak\u017ce zaj\u0119cie si\u0119 ustawieniem mebli, dekoracji, kwiat\u00f3w i o\u015bwietlenia, aby wyr\u00f3\u017cni\u0107 najlepsze cechy nieruchomo\u015bci i ukry\u0107 jej wady.<\/p>\n\n\n\n<p class=\"has-small-font-size\">Home-staging jest szczeg\u00f3lnie wa\u017cny w przypadku nieruchomo\u015bci, kt\u00f3re d\u0142ugo nie znajduj\u0105 nabywc\u00f3w lub wynajmuj\u0105cych, poniewa\u017c pozwala na przyspieszenie sprzeda\u017cy lub wynajmu. <strong>Dodatkowo, nieruchomo\u015bci przygotowane zgodnie z zasadami home-stagingu cz\u0119sto osi\u0105gaj\u0105 wy\u017csz\u0105 cen\u0119, co mo\u017ce przynie\u015b\u0107 korzy\u015b\u0107 dla w\u0142a\u015bciciela.<\/strong><\/p>\n\n\n\n<p class=\"has-small-font-size\">Szukasz osoby, kt\u00f3ra profesjonalnie przygotuje twoj\u0105 nieruchomo\u015b\u0107 do wynajmu lub sprzeda\u017cy? Dobrze trafi\u0142e\u015b :). <\/p>\n\n\n\n<p class=\"has-extra-large-font-size\"><strong>Zapraszam do kontaktu<\/strong>: pracownia.misjawnetrze@gmail.com<\/p>\n\n\n\n<p><\/p>\n","protected":false},"excerpt":{"rendered":"<p>Czym jest home-staging? Home-staging to proces przygotowania nieruchomo\u015bci do sprzeda\u017cy lub wynajmu poprzez wizualne poprawienie jej wygl\u0105du i wra\u017cenia, jakie robi na potencjalnych klientach. Celem home-stagingu jest podniesienie warto\u015bci nieruchomo\u015bci, przyspieszenie sprzeda\u017cy lub wynajmu oraz osi\u0105gni\u0119cie jak najwy\u017cszej ceny. Polega to na tym, \u017ce specjalista ds. wystroju wn\u0119trz (home-stager) przeprowadza szczeg\u00f3\u0142ow\u0105 analiz\u0119 nieruchomo\u015bci i jej otoczenia, a nast\u0119pnie dokonuje zmian w wystroju i aran\u017cacji wn\u0119trz. Home-stagerzy wykorzystuj\u0105 r\u00f3\u017cne techniki, takie jak kolorystyka, o\u015bwietlenie, meble, dodatki, kwiaty czy sztuczne o\u015bwietlenie, aby zwi\u0119kszy\u0107 atrakcyjno\u015b\u0107 nieruchomo\u015bci i pom\u00f3c potencjalnym klientom wyobrazi\u0107 sobie, jak mogliby w niej mieszka\u0107. W ramach home-stagingu mo\u017cliwe s\u0105 r\u00f3\u017cnorakie<\/p>\n","protected":false},"author":1,"featured_media":0,"parent":0,"menu_order":0,"comment_status":"closed","ping_status":"closed","template":"template-basic","meta":{"footnotes":""},"class_list":["post-274","page","type-page","status-publish","hentry"],"_links":{"self":[{"href":"https:\/\/pracowniamisjawnetrze.pl\/index.php?rest_route=\/wp\/v2\/pages\/274","targetHints":{"allow":["GET"]}}],"collection":[{"href":"https:\/\/pracowniamisjawnetrze.pl\/index.php?rest_route=\/wp\/v2\/pages"}],"about":[{"href":"https:\/\/pracowniamisjawnetrze.pl\/index.php?rest_route=\/wp\/v2\/types\/page"}],"author":[{"embeddable":true,"href":"https:\/\/pracowniamisjawnetrze.pl\/index.php?rest_route=\/wp\/v2\/users\/1"}],"replies":[{"embeddable":true,"href":"https:\/\/pracowniamisjawnetrze.pl\/index.php?rest_route=%2Fwp%2Fv2%2Fcomments&post=274"}],"version-history":[{"count":6,"href":"https:\/\/pracowniamisjawnetrze.pl\/index.php?rest_route=\/wp\/v2\/pages\/274\/revisions"}],"predecessor-version":[{"id":292,"href":"https:\/\/pracowniamisjawnetrze.pl\/index.php?rest_route=\/wp\/v2\/pages\/274\/revisions\/292"}],"wp:attachment":[{"href":"https:\/\/pracowniamisjawnetrze.pl\/index.php?rest_route=%2Fwp%2Fv2%2Fmedia&parent=274"}],"curies":[{"name":"wp","href":"https:\/\/api.w.org\/{rel}","templated":true}]}}