{"id":136,"date":"2023-02-23T19:02:29","date_gmt":"2023-02-23T19:02:29","guid":{"rendered":"https:\/\/pracowniamisjawnetrze.pl\/?page_id=136"},"modified":"2025-01-25T16:48:35","modified_gmt":"2025-01-25T16:48:35","slug":"kontakt","status":"publish","type":"page","link":"https:\/\/pracowniamisjawnetrze.pl\/?page_id=136","title":{"rendered":"Kontakt"},"content":{"rendered":"\n<p class=\"has-text-align-center\"><\/p>\n\n\n\n<p class=\"has-text-align-center has-intrace-primary-color has-intrace-accent-background-color has-text-color has-background has-link-color wp-elements-4153fc7bdbf10bae44dbf38e020793c6\"><strong> PRACOWNIA MISJA WN\u0118TRZE<\/strong><\/p>\n\n\n\n<p class=\"has-text-align-center\"><strong>Formularz kontaktowy <\/strong><\/p>\n\n\n\n<p class=\"has-text-align-center\">Wype\u0142nij formularz, aby rozpocz\u0105\u0107 misj\u0119 wn\u0119trze razem ze mn\u0105!<\/p>\n\n\n\n<p class=\"has-text-align-center\">     \n<div class=\"wpcf7 no-js\" id=\"wpcf7-f85-o1\" lang=\"pl-PL\" dir=\"ltr\" data-wpcf7-id=\"85\">\n<div class=\"screen-reader-response\"><p role=\"status\" aria-live=\"polite\" aria-atomic=\"true\"><\/p> <ul><\/ul><\/div>\n<form action=\"\/index.php?rest_route=%2Fwp%2Fv2%2Fpages%2F136#wpcf7-f85-o1\" method=\"post\" class=\"wpcf7-form init\" aria-label=\"Formularz kontaktowy\" novalidate=\"novalidate\" data-status=\"init\">\n<div style=\"display: none;\">\n<input type=\"hidden\" name=\"_wpcf7\" value=\"85\" \/>\n<input type=\"hidden\" name=\"_wpcf7_version\" value=\"6.0.3\" \/>\n<input type=\"hidden\" name=\"_wpcf7_locale\" value=\"pl_PL\" \/>\n<input type=\"hidden\" name=\"_wpcf7_unit_tag\" value=\"wpcf7-f85-o1\" \/>\n<input type=\"hidden\" name=\"_wpcf7_container_post\" value=\"0\" \/>\n<input type=\"hidden\" name=\"_wpcf7_posted_data_hash\" value=\"\" \/>\n<\/div>\n<p><label> Twoje imi\u0119 i nazwisko<br \/>\n<span class=\"wpcf7-form-control-wrap\" data-name=\"your-name\"><input size=\"40\" maxlength=\"400\" class=\"wpcf7-form-control wpcf7-text wpcf7-validates-as-required\" autocomplete=\"name\" aria-required=\"true\" aria-invalid=\"false\" value=\"\" type=\"text\" name=\"your-name\" \/><\/span> <\/label>\n<\/p>\n<p><label> Tw\u00f3j adres e-mail<br \/>\n<span class=\"wpcf7-form-control-wrap\" data-name=\"your-email\"><input size=\"40\" maxlength=\"400\" class=\"wpcf7-form-control wpcf7-email wpcf7-validates-as-required wpcf7-text wpcf7-validates-as-email\" autocomplete=\"email\" aria-required=\"true\" aria-invalid=\"false\" value=\"\" type=\"email\" name=\"your-email\" \/><\/span> <\/label>\n<\/p>\n<p><label> Temat<br \/>\n<span class=\"wpcf7-form-control-wrap\" data-name=\"your-subject\"><input size=\"40\" maxlength=\"400\" class=\"wpcf7-form-control wpcf7-text wpcf7-validates-as-required\" aria-required=\"true\" aria-invalid=\"false\" value=\"\" type=\"text\" name=\"your-subject\" \/><\/span> <\/label>\n<\/p>\n<p><label> Twoja wiadomo\u015bci (jaka us\u0142uga Ci\u0119 interesuje\/jaki termin realizacji\/jaki metra\u017c)<br \/>\n<span class=\"wpcf7-form-control-wrap\" data-name=\"your-message\"><textarea cols=\"40\" rows=\"10\" maxlength=\"2000\" class=\"wpcf7-form-control wpcf7-textarea\" aria-invalid=\"false\" name=\"your-message\"><\/textarea><\/span> <\/label>\n<\/p>\n<p><span class=\"wpcf7-form-control-wrap\" data-name=\"acceptance-173\"><span class=\"wpcf7-form-control wpcf7-acceptance\"><span class=\"wpcf7-list-item\"><label><input type=\"checkbox\" name=\"acceptance-173\" value=\"1\" aria-invalid=\"false\" \/><span class=\"wpcf7-list-item-label\">Administratorem Danych Osobowych zawartych w formularzu jest Amorino Weronika Trzci\u0144ska z siedzib\u0105 w Koz\u0142owie Biskupim. Dane przetwarzane b\u0119d\u0105 w celu kontaktu lub udzielenia odpowiedzi na pytanie a w przypadku wyra\u017cenia odr\u0119bnych zg\u00f3d \u2013 tak\u017ce w celach marketingowych. Zgoda na przetwarzanie danych mo\u017ce by\u0107 odwo\u0142ana w ka\u017cdym czasie poprzez przes\u0142anie wiadomo\u015bci na adres: kontakt@pracowniamisjawnetrze.pl. Pozosta\u0142e informacje o administratorze oraz Pa\u0144stwa uprawnieniach zawarte s\u0105 w naszej\u202fpolityce prywatno\u015bci.<\/span><\/label><\/span><\/span><\/span>\n<\/p>\n<p><input class=\"wpcf7-form-control wpcf7-submit has-spinner\" type=\"submit\" value=\"Wy\u015blij\" \/>\n<\/p><div class=\"wpcf7-response-output\" aria-hidden=\"true\"><\/div>\n<\/form>\n<\/div>\n<\/p>\n\n\n\n<p>Polityk\u0119 prywatno\u015bci znajdziesz <a href=\"https:\/\/pracowniamisjawnetrze.pl\/?page_id=3\">pod linkiem.<\/a><\/p>\n\n\n\n<figure class=\"wp-block-image size-full\"><img loading=\"lazy\" decoding=\"async\" width=\"800\" height=\"450\" src=\"https:\/\/pracowniamisjawnetrze.pl\/wp-content\/uploads\/2025\/01\/Salon-przykladowy-2.png\" alt=\"\" class=\"wp-image-184\" srcset=\"https:\/\/pracowniamisjawnetrze.pl\/wp-content\/uploads\/2025\/01\/Salon-przykladowy-2.png 800w, https:\/\/pracowniamisjawnetrze.pl\/wp-content\/uploads\/2025\/01\/Salon-przykladowy-2-300x169.png 300w, https:\/\/pracowniamisjawnetrze.pl\/wp-content\/uploads\/2025\/01\/Salon-przykladowy-2-768x432.png 768w\" sizes=\"auto, (max-width: 800px) 100vw, 800px\" \/><\/figure>\n","protected":false},"excerpt":{"rendered":"<p>PRACOWNIA MISJA WN\u0118TRZE Formularz kontaktowy Wype\u0142nij formularz, aby rozpocz\u0105\u0107 misj\u0119 wn\u0119trze razem ze mn\u0105! Polityk\u0119 prywatno\u015bci znajdziesz pod linkiem.<\/p>\n","protected":false},"author":1,"featured_media":187,"parent":0,"menu_order":0,"comment_status":"closed","ping_status":"closed","template":"template-basic","meta":{"footnotes":""},"class_list":["post-136","page","type-page","status-publish","has-post-thumbnail","hentry"],"_links":{"self":[{"href":"https:\/\/pracowniamisjawnetrze.pl\/index.php?rest_route=\/wp\/v2\/pages\/136","targetHints":{"allow":["GET"]}}],"collection":[{"href":"https:\/\/pracowniamisjawnetrze.pl\/index.php?rest_route=\/wp\/v2\/pages"}],"about":[{"href":"https:\/\/pracowniamisjawnetrze.pl\/index.php?rest_route=\/wp\/v2\/types\/page"}],"author":[{"embeddable":true,"href":"https:\/\/pracowniamisjawnetrze.pl\/index.php?rest_route=\/wp\/v2\/users\/1"}],"replies":[{"embeddable":true,"href":"https:\/\/pracowniamisjawnetrze.pl\/index.php?rest_route=%2Fwp%2Fv2%2Fcomments&post=136"}],"version-history":[{"count":12,"href":"https:\/\/pracowniamisjawnetrze.pl\/index.php?rest_route=\/wp\/v2\/pages\/136\/revisions"}],"predecessor-version":[{"id":249,"href":"https:\/\/pracowniamisjawnetrze.pl\/index.php?rest_route=\/wp\/v2\/pages\/136\/revisions\/249"}],"wp:featuredmedia":[{"embeddable":true,"href":"https:\/\/pracowniamisjawnetrze.pl\/index.php?rest_route=\/wp\/v2\/media\/187"}],"wp:attachment":[{"href":"https:\/\/pracowniamisjawnetrze.pl\/index.php?rest_route=%2Fwp%2Fv2%2Fmedia&parent=136"}],"curies":[{"name":"wp","href":"https:\/\/api.w.org\/{rel}","templated":true}]}}